{"id":4,"date":"2016-09-27T14:13:04","date_gmt":"2016-09-27T14:13:04","guid":{"rendered":"http:\/\/aw-global.de\/?page_id=4"},"modified":"2016-11-25T11:31:11","modified_gmt":"2016-11-25T11:31:11","slug":"home","status":"publish","type":"page","link":"https:\/\/aw-global.de\/","title":{"rendered":"Home"},"content":{"rendered":"<h4>AW-Global &#8211; Business Development<\/h4>\n<p>Wir haben uns auf die Gesch\u00e4ftsanbahnung in Europa, Lateinamerika und Russland spezialisiert. Egal ob Sie neue M\u00e4rkte erschlie\u00dfen oder Ihre Aktivit\u00e4ten in bestehenden Zielm\u00e4rkten optimieren m\u00f6chten \u2013 wir finden in enger Abstimmung mit Ihnen die passende L\u00f6sung f\u00fcr Ihre Vertriebsaktivit\u00e4ten.<\/p>\n<h4>Ihre Vorteile:<\/h4>\n<div class=\"su-row\">\n<div class=\"su-column su-column-size-2-5\"><div class=\"su-column-inner su-u-clearfix su-u-trim\">\n\u2022\u00a0ERFAHRUNG<br \/>\n\u2022 EFFIZIENZ<br \/>\n\u2022 KOMPETENZ<br \/>\n\u2022 KOSTENREDUZIERUNG<br \/>\n\u2022 FOKUS <\/div><\/div>\n<div class=\"su-column su-column-size-3-5\"><div class=\"su-column-inner su-u-clearfix su-u-trim\">\nlangj\u00e4hriges Know How im industriellen B2B \u2013 Umfeld<br \/>\nschnell messbare Erfolge<br \/>\nRisikominimierung durch fundierte Marktinformation<br \/>\nweniger Reise- und Messekosten<br \/>\nSie konzentrieren sich weiter auf Ihr Tagesgesch\u00e4ft <\/div><\/div>\n<\/div>\n","protected":false},"excerpt":{"rendered":"<p>AW-Global &#8211; Business Development Wir haben uns auf die Gesch\u00e4ftsanbahnung in Europa, Lateinamerika und Russland spezialisiert. Egal ob Sie neue M\u00e4rkte erschlie\u00dfen oder Ihre Aktivit\u00e4ten in bestehenden Zielm\u00e4rkten optimieren m\u00f6chten <a href=\"https:\/\/aw-global.de\/\" class=\"more-link\">[&hellip;]<\/a><\/p>\n","protected":false},"author":1,"featured_media":0,"parent":0,"menu_order":0,"comment_status":"closed","ping_status":"closed","template":"","meta":{"ngg_post_thumbnail":0,"Layout":"","footnotes":""},"_links":{"self":[{"href":"https:\/\/aw-global.de\/index.php?rest_route=\/wp\/v2\/pages\/4"}],"collection":[{"href":"https:\/\/aw-global.de\/index.php?rest_route=\/wp\/v2\/pages"}],"about":[{"href":"https:\/\/aw-global.de\/index.php?rest_route=\/wp\/v2\/types\/page"}],"author":[{"embeddable":true,"href":"https:\/\/aw-global.de\/index.php?rest_route=\/wp\/v2\/users\/1"}],"replies":[{"embeddable":true,"href":"https:\/\/aw-global.de\/index.php?rest_route=%2Fwp%2Fv2%2Fcomments&post=4"}],"version-history":[{"count":15,"href":"https:\/\/aw-global.de\/index.php?rest_route=\/wp\/v2\/pages\/4\/revisions"}],"predecessor-version":[{"id":163,"href":"https:\/\/aw-global.de\/index.php?rest_route=\/wp\/v2\/pages\/4\/revisions\/163"}],"wp:attachment":[{"href":"https:\/\/aw-global.de\/index.php?rest_route=%2Fwp%2Fv2%2Fmedia&parent=4"}],"curies":[{"name":"wp","href":"https:\/\/api.w.org\/{rel}","templated":true}]}}